{"id":626,"date":"2023-03-07T04:33:40","date_gmt":"2023-03-07T04:33:40","guid":{"rendered":"https:\/\/themexriver.com\/wp\/elecrix\/?page_id=626"},"modified":"2025-04-29T14:42:16","modified_gmt":"2025-04-29T12:42:16","slug":"rolunk","status":"publish","type":"page","link":"https:\/\/www.elektrosolve.hu\/index.php\/rolunk\/","title":{"rendered":"R\u00f3lunk"},"content":{"rendered":"\t\t<div data-elementor-type=\"wp-page\" data-elementor-id=\"626\" class=\"elementor elementor-626\">\n\t\t\t\t\t\t<section class=\"elementor-section elementor-top-section elementor-element elementor-element-12fe70d elementor-section-boxed elementor-section-height-default elementor-section-height-default\" data-id=\"12fe70d\" data-element_type=\"section\" data-settings=\"{&quot;background_background&quot;:&quot;classic&quot;}\">\n\t\t\t\t\t\t<div class=\"elementor-container elementor-column-gap-default\">\n\t\t\t\t\t<div class=\"elementor-column elementor-col-50 elementor-top-column elementor-element elementor-element-3b11725\" data-id=\"3b11725\" data-element_type=\"column\">\n\t\t\t<div class=\"elementor-widget-wrap elementor-element-populated\">\n\t\t\t\t\t\t<div class=\"elementor-element elementor-element-6a63e01 elementor-widget elementor-widget-heading\" data-id=\"6a63e01\" data-element_type=\"widget\" data-widget_type=\"heading.default\">\n\t\t\t\t<div class=\"elementor-widget-container\">\n\t\t\t\t\t<h2 class=\"elementor-heading-title elementor-size-default\">Czegka Vilmos<\/h2>\t\t\t\t<\/div>\n\t\t\t\t<\/div>\n\t\t\t\t<div class=\"elementor-element elementor-element-adf6d42 elementor-widget__width-initial elementor-widget elementor-widget-heading\" data-id=\"adf6d42\" data-element_type=\"widget\" data-widget_type=\"heading.default\">\n\t\t\t\t<div class=\"elementor-widget-container\">\n\t\t\t\t\t<h2 class=\"elementor-heading-title elementor-size-default\">Tulajdonos, \u00fcgyvezet\u0151\n<\/h2>\t\t\t\t<\/div>\n\t\t\t\t<\/div>\n\t\t\t\t\t<\/div>\n\t\t<\/div>\n\t\t\t\t<div class=\"elementor-column elementor-col-50 elementor-top-column elementor-element elementor-element-ed6e558\" data-id=\"ed6e558\" data-element_type=\"column\">\n\t\t\t<div class=\"elementor-widget-wrap elementor-element-populated\">\n\t\t\t\t\t\t<div class=\"elementor-element elementor-element-2ea625f elementor-absolute elementor-widget-divider--view-line elementor-widget elementor-widget-divider\" data-id=\"2ea625f\" data-element_type=\"widget\" data-settings=\"{&quot;_position&quot;:&quot;absolute&quot;}\" data-widget_type=\"divider.default\">\n\t\t\t\t<div class=\"elementor-widget-container\">\n\t\t\t\t\t\t\t<div class=\"elementor-divider\">\n\t\t\t<span class=\"elementor-divider-separator\">\n\t\t\t\t\t\t<\/span>\n\t\t<\/div>\n\t\t\t\t\t\t<\/div>\n\t\t\t\t<\/div>\n\t\t\t\t<div class=\"elementor-element elementor-element-8009c1a elementor-absolute elementor-widget-divider--view-line elementor-widget elementor-widget-divider\" data-id=\"8009c1a\" data-element_type=\"widget\" data-settings=\"{&quot;_position&quot;:&quot;absolute&quot;}\" data-widget_type=\"divider.default\">\n\t\t\t\t<div class=\"elementor-widget-container\">\n\t\t\t\t\t\t\t<div class=\"elementor-divider\">\n\t\t\t<span class=\"elementor-divider-separator\">\n\t\t\t\t\t\t<\/span>\n\t\t<\/div>\n\t\t\t\t\t\t<\/div>\n\t\t\t\t<\/div>\n\t\t\t\t<div class=\"elementor-element elementor-element-aa56267 elementor-absolute elementor-widget-divider--view-line elementor-widget elementor-widget-divider\" data-id=\"aa56267\" data-element_type=\"widget\" data-settings=\"{&quot;_position&quot;:&quot;absolute&quot;}\" data-widget_type=\"divider.default\">\n\t\t\t\t<div class=\"elementor-widget-container\">\n\t\t\t\t\t\t\t<div class=\"elementor-divider\">\n\t\t\t<span class=\"elementor-divider-separator\">\n\t\t\t\t\t\t<\/span>\n\t\t<\/div>\n\t\t\t\t\t\t<\/div>\n\t\t\t\t<\/div>\n\t\t\t\t<div class=\"elementor-element elementor-element-debeda3 elementor-widget elementor-widget-heading\" data-id=\"debeda3\" data-element_type=\"widget\" data-widget_type=\"heading.default\">\n\t\t\t\t<div class=\"elementor-widget-container\">\n\t\t\t\t\t<h2 class=\"elementor-heading-title elementor-size-default\">Nem csak g\u00e9peket jav\u00edtunk. Megold\u00e1sokat sz\u00e1ll\u00edtunk.<\/h2>\t\t\t\t<\/div>\n\t\t\t\t<\/div>\n\t\t\t\t<div class=\"elementor-element elementor-element-fc13421 elementor-widget elementor-widget-heading\" data-id=\"fc13421\" data-element_type=\"widget\" data-widget_type=\"heading.default\">\n\t\t\t\t<div class=\"elementor-widget-container\">\n\t\t\t\t\t<h2 class=\"elementor-heading-title elementor-size-default\">R\u00f3lunk<\/h2>\t\t\t\t<\/div>\n\t\t\t\t<\/div>\n\t\t\t\t<div class=\"elementor-element elementor-element-bfd6aab elementor-widget__width-initial elementor-widget elementor-widget-heading\" data-id=\"bfd6aab\" data-element_type=\"widget\" data-widget_type=\"heading.default\">\n\t\t\t\t<div class=\"elementor-widget-container\">\n\t\t\t\t\t<h2 class=\"elementor-heading-title elementor-size-default\">A legt\u00f6bb ipari szerviz ott kezd dolgozni, ahol mi m\u00e1r r\u00e9g t\u00fal vagyunk az els\u0151 k\u00e1v\u00e9n.\nMi ugyanis nem dobozban gondolkodunk, hanem val\u00f3di probl\u00e9m\u00e1kban \u2013 \u00e9s azok igazi megold\u00e1s\u00e1ban.\n\nCsapatunk ipari villamoss\u00e1gra \u00e9s elektronik\u00e1ra specializ\u00e1l\u00f3dott szakemberekb\u0151l \u00e1ll. Minden koll\u00e9g\u00e1nk m\u00f6g\u00f6tt \u00e9vek, s\u0151t \u00e9vtizedek tapasztalata \u00e1ll, legyen sz\u00f3 villamoshat\u00e1sokr\u00f3l, vez\u00e9rl\u00e9sek jav\u00edt\u00e1s\u00e1r\u00f3l vagy egyedi elektronikai fejleszt\u00e9sr\u0151l.<\/h2>\t\t\t\t<\/div>\n\t\t\t\t<\/div>\n\t\t\t\t\t<\/div>\n\t\t<\/div>\n\t\t\t\t\t<\/div>\n\t\t<\/section>\n\t\t\t\t<section class=\"elementor-section elementor-top-section elementor-element elementor-element-57a91b5 elementor-section-boxed elementor-section-height-default elementor-section-height-default\" data-id=\"57a91b5\" data-element_type=\"section\" data-settings=\"{&quot;background_background&quot;:&quot;classic&quot;}\">\n\t\t\t\t\t\t<div class=\"elementor-container elementor-column-gap-default\">\n\t\t\t\t\t<div class=\"elementor-column elementor-col-100 elementor-top-column elementor-element elementor-element-bd74fdb\" data-id=\"bd74fdb\" data-element_type=\"column\">\n\t\t\t<div class=\"elementor-widget-wrap elementor-element-populated\">\n\t\t\t\t\t\t<div class=\"elementor-element elementor-element-88aed36 elementor-widget__width-initial elementor-widget elementor-widget-heading\" data-id=\"88aed36\" data-element_type=\"widget\" data-widget_type=\"heading.default\">\n\t\t\t\t<div class=\"elementor-widget-container\">\n\t\t\t\t\t<h2 class=\"elementor-heading-title elementor-size-default\">Amiben hisz\u00fcnk<\/h2>\t\t\t\t<\/div>\n\t\t\t\t<\/div>\n\t\t\t\t<div class=\"elementor-element elementor-element-aef1aff elementor-widget__width-initial elementor-widget elementor-widget-heading\" data-id=\"aef1aff\" data-element_type=\"widget\" data-widget_type=\"heading.default\">\n\t\t\t\t<div class=\"elementor-widget-container\">\n\t\t\t\t\t<h2 class=\"elementor-heading-title elementor-size-default\"><b>\ud83d\udca1 Mindenre van megold\u00e1s<br><\/b>Sokan azt mondj\u00e1k: \u201eezt nem lehet megjav\u00edtani\u201d. Mi ink\u00e1bb megvizsg\u00e1ljuk, \u00e9s legrosszabb esetben azt mondjuk, hogy szerint\u00fcnk nem \u00e9rdemes jav\u00edtani, \u00e9s alternat\u00edv megold\u00e1st javasolunk. Addig viszont mindent megtesz\u00fcnk, hogy m\u0171k\u00f6dj\u00f6n.<br><br>\n<b>\ud83e\udd1d Emberi hozz\u00e1\u00e1ll\u00e1s<br><\/b>Nem besz\u00e9l\u00fcnk mell\u00e9. K\u00e9rdezel, v\u00e1laszolunk. Mondod, mit szeretn\u00e9l, mi seg\u00edt\u00fcnk megtal\u00e1lni a legjobb utat hozz\u00e1.\nN\u00e1lunk nem egy sorsz\u00e1m vagy \u2013 partnerk\u00e9nt kezel\u00fcnk.\n<br><br><b>\u2699\ufe0f Precizit\u00e1s \u00e9s szakmais\u00e1g<br><\/b>Egy ipari rendszernek nincs \"majdnem j\u00f3\" \u00e1llapota. Vagy m\u0171k\u00f6dik, vagy nem. Mi addig dolgozunk, am\u00edg az \u201e\u00fagy van j\u00f3l\u201d \u00e9rz\u00e9s benned is megsz\u00fcletik.\n<br><br><b>\ud83d\ude80 Gyors reakci\u00f3id\u0151, val\u00f3s megold\u00e1sok<br><\/b>Tiszt\u00e1ban vagyunk vele, mit jelent, ha egy g\u00e9p le\u00e1ll. Minden \u00fcgyf\u00e9lig\u00e9nyt ennek megfelel\u0151 s\u00fcrg\u0151ss\u00e9ggel kezel\u00fcnk \u2013 nem holnap, nem j\u00f6v\u0151 h\u00e9ten: most.<\/h2>\t\t\t\t<\/div>\n\t\t\t\t<\/div>\n\t\t\t\t\t<\/div>\n\t\t<\/div>\n\t\t\t\t\t<\/div>\n\t\t<\/section>\n\t\t\t\t<section class=\"elementor-section elementor-top-section elementor-element elementor-element-05b3731 elementor-section-boxed elementor-section-height-default elementor-section-height-default\" data-id=\"05b3731\" data-element_type=\"section\" data-settings=\"{&quot;background_background&quot;:&quot;classic&quot;}\">\n\t\t\t\t\t\t\t<div class=\"elementor-background-overlay\"><\/div>\n\t\t\t\t\t\t\t<div class=\"elementor-container elementor-column-gap-default\">\n\t\t\t\t\t<div class=\"elementor-column elementor-col-100 elementor-top-column elementor-element elementor-element-6e63cc4\" data-id=\"6e63cc4\" data-element_type=\"column\">\n\t\t\t<div class=\"elementor-widget-wrap elementor-element-populated\">\n\t\t\t\t\t\t<section class=\"elementor-section elementor-inner-section elementor-element elementor-element-66e6775 elementor-section-full_width elementor-section-content-middle elementor-section-height-default elementor-section-height-default\" data-id=\"66e6775\" data-element_type=\"section\">\n\t\t\t\t\t\t<div class=\"elementor-container elementor-column-gap-no\">\n\t\t\t\t\t<div class=\"elementor-column elementor-col-50 elementor-inner-column elementor-element elementor-element-db2d0bf\" data-id=\"db2d0bf\" data-element_type=\"column\">\n\t\t\t<div class=\"elementor-widget-wrap elementor-element-populated\">\n\t\t\t\t\t\t<div class=\"elementor-element elementor-element-2845d5c elementor-widget__width-initial elementor-widget elementor-widget-heading\" data-id=\"2845d5c\" data-element_type=\"widget\" data-widget_type=\"heading.default\">\n\t\t\t\t<div class=\"elementor-widget-container\">\n\t\t\t\t\t<h2 class=\"elementor-heading-title elementor-size-default\">Kik vagyunk mi a gyakorlatban?<\/h2>\t\t\t\t<\/div>\n\t\t\t\t<\/div>\n\t\t\t\t<div class=\"elementor-element elementor-element-45900c3 elementor-widget__width-initial elementor-widget elementor-widget-heading\" data-id=\"45900c3\" data-element_type=\"widget\" data-widget_type=\"heading.default\">\n\t\t\t\t<div class=\"elementor-widget-container\">\n\t\t\t\t\t<h2 class=\"elementor-heading-title elementor-size-default\">- Villamosm\u00e9rn\u00f6k\u00f6k, akik \u00e9rtenek a nagyfesz\u00fclts\u00e9ghez, vez\u00e9rl\u00e9sekhez \u00e9s motorokhoz.<br>- Elektronikai fejleszt\u0151k, akikb\u0151l ak\u00e1r egy protot\u00edpus is kiker\u00fclhet<br>- Tapasztalt szervizes szakemberek, akik r\u00e1n\u00e9z\u00e9sre megmondj\u00e1k, mi romlott el<br>- \u00c9s mindannyian olyan emberek, akiknek fontos, hogy a munk\u00e1juknak \u00e9rtelme legyen\n<\/h2>\t\t\t\t<\/div>\n\t\t\t\t<\/div>\n\t\t\t\t\t<\/div>\n\t\t<\/div>\n\t\t\t\t<div class=\"elementor-column elementor-col-50 elementor-inner-column elementor-element elementor-element-b577a1f\" data-id=\"b577a1f\" data-element_type=\"column\">\n\t\t\t<div class=\"elementor-widget-wrap elementor-element-populated\">\n\t\t\t\t\t\t<div class=\"elementor-element elementor-element-cc94978 elementor-widget__width-initial elementor-widget elementor-widget-heading\" data-id=\"cc94978\" data-element_type=\"widget\" data-widget_type=\"heading.default\">\n\t\t\t\t<div class=\"elementor-widget-container\">\n\t\t\t\t\t<h2 class=\"elementor-heading-title elementor-size-default\">Mi\u00e9rt v\u00e1lasztanak minket az \u00fcgyfelek?<\/h2>\t\t\t\t<\/div>\n\t\t\t\t<\/div>\n\t\t\t\t<div class=\"elementor-element elementor-element-0cd8b4e elementor-widget__width-initial elementor-widget elementor-widget-heading\" data-id=\"0cd8b4e\" data-element_type=\"widget\" data-widget_type=\"heading.default\">\n\t\t\t\t<div class=\"elementor-widget-container\">\n\t\t\t\t\t<h2 class=\"elementor-heading-title elementor-size-default\">- Mert gyorsak vagyunk.<br>- Mert olcs\u00f3bbak vagyunk, mint a gy\u00e1ri egys\u00e9gek. <br>- Mert t\u00e9nyleg megjav\u00edtjuk, amit m\u00e1s m\u00e1r kidobna.<br>- Mert vel\u00fcnk lehet besz\u00e9lni, k\u00e9rdezni, egyeztetni \u2013 ak\u00e1r a m\u0171helyben, ak\u00e1r a g\u00e9psor mellett.<\/h2>\t\t\t\t<\/div>\n\t\t\t\t<\/div>\n\t\t\t\t\t<\/div>\n\t\t<\/div>\n\t\t\t\t\t<\/div>\n\t\t<\/section>\n\t\t\t\t\t<\/div>\n\t\t<\/div>\n\t\t\t\t\t<\/div>\n\t\t<\/section>\n\t\t\t\t<section class=\"elementor-section elementor-top-section elementor-element elementor-element-7895ba0 elementor-section-boxed elementor-section-height-default elementor-section-height-default\" data-id=\"7895ba0\" data-element_type=\"section\" data-settings=\"{&quot;background_background&quot;:&quot;classic&quot;,&quot;shape_divider_top&quot;:&quot;opacity-tilt&quot;,&quot;shape_divider_bottom&quot;:&quot;opacity-tilt&quot;}\">\n\t\t\t\t\t<div class=\"elementor-shape elementor-shape-top\" data-negative=\"false\">\n\t\t\t<svg xmlns=\"http:\/\/www.w3.org\/2000\/svg\" viewBox=\"0 0 2600 131.1\" preserveAspectRatio=\"none\">\n\t<path class=\"elementor-shape-fill\" d=\"M0 0L2600 0 2600 69.1 0 0z\"\/>\n\t<path class=\"elementor-shape-fill\" style=\"opacity:0.5\" d=\"M0 0L2600 0 2600 69.1 0 69.1z\"\/>\n\t<path class=\"elementor-shape-fill\" style=\"opacity:0.25\" d=\"M2600 0L0 0 0 130.1 2600 69.1z\"\/>\n<\/svg>\t\t<\/div>\n\t\t\t\t<div class=\"elementor-shape elementor-shape-bottom\" data-negative=\"false\">\n\t\t\t<svg xmlns=\"http:\/\/www.w3.org\/2000\/svg\" viewBox=\"0 0 2600 131.1\" preserveAspectRatio=\"none\">\n\t<path class=\"elementor-shape-fill\" d=\"M0 0L2600 0 2600 69.1 0 0z\"\/>\n\t<path class=\"elementor-shape-fill\" style=\"opacity:0.5\" d=\"M0 0L2600 0 2600 69.1 0 69.1z\"\/>\n\t<path class=\"elementor-shape-fill\" style=\"opacity:0.25\" d=\"M2600 0L0 0 0 130.1 2600 69.1z\"\/>\n<\/svg>\t\t<\/div>\n\t\t\t\t\t<div class=\"elementor-container elementor-column-gap-default\">\n\t\t\t\t\t<div class=\"elementor-column elementor-col-50 elementor-top-column elementor-element elementor-element-c60fcfd\" data-id=\"c60fcfd\" data-element_type=\"column\">\n\t\t\t<div class=\"elementor-widget-wrap elementor-element-populated\">\n\t\t\t\t\t\t<div class=\"elementor-element elementor-element-4e37ec7 elementor-widget__width-initial elementor-widget elementor-widget-heading\" data-id=\"4e37ec7\" data-element_type=\"widget\" data-widget_type=\"heading.default\">\n\t\t\t\t<div class=\"elementor-widget-container\">\n\t\t\t\t\t<h2 class=\"elementor-heading-title elementor-size-default\">Egy kis csapat \u2013 nagy hat\u00e1ssal<\/h2>\t\t\t\t<\/div>\n\t\t\t\t<\/div>\n\t\t\t\t\t<\/div>\n\t\t<\/div>\n\t\t\t\t<div class=\"elementor-column elementor-col-50 elementor-top-column elementor-element elementor-element-e75d8bb\" data-id=\"e75d8bb\" data-element_type=\"column\">\n\t\t\t<div class=\"elementor-widget-wrap elementor-element-populated\">\n\t\t\t\t\t\t<div class=\"elementor-element elementor-element-7055abe elementor-widget__width-initial elementor-widget elementor-widget-heading\" data-id=\"7055abe\" data-element_type=\"widget\" data-widget_type=\"heading.default\">\n\t\t\t\t<div class=\"elementor-widget-container\">\n\t\t\t\t\t<h2 class=\"elementor-heading-title elementor-size-default\">Nem vagyunk \u00f3ri\u00e1sc\u00e9g. Nem is akarunk azok lenni.\nPont emiatt tudunk rugalmasak lenni, gyorsan reag\u00e1lni, \u00e9s minden egyes megb\u00edz\u00e1sra szem\u00e9lyesen odafigyelni.\n\nHa vel\u00fcnk dolgozol, biztos lehetsz benne, hogy nem egy \u00fcgyf\u00e9l vagy a sok k\u00f6z\u00fcl, hanem egy partner, akinek sz\u00e1m\u00edt a g\u00e9pe, a termel\u00e9se, a p\u00e9nze \u2013 \u00e9s akinek sz\u00e1m\u00edt, hogy m\u0171k\u00f6dj\u00f6n minden.<\/h2>\t\t\t\t<\/div>\n\t\t\t\t<\/div>\n\t\t\t\t\t<\/div>\n\t\t<\/div>\n\t\t\t\t\t<\/div>\n\t\t<\/section>\n\t\t\t\t<section class=\"elementor-section elementor-top-section elementor-element elementor-element-d82422d elementor-section-boxed elementor-section-height-default elementor-section-height-default\" data-id=\"d82422d\" data-element_type=\"section\" data-settings=\"{&quot;background_background&quot;:&quot;classic&quot;}\">\n\t\t\t\t\t\t<div class=\"elementor-container elementor-column-gap-default\">\n\t\t\t\t\t<div class=\"elementor-column elementor-col-100 elementor-top-column elementor-element elementor-element-fb6b153\" data-id=\"fb6b153\" data-element_type=\"column\">\n\t\t\t<div class=\"elementor-widget-wrap elementor-element-populated\">\n\t\t\t\t\t\t<section class=\"elementor-section elementor-inner-section elementor-element elementor-element-bc60a69 elementor-section-full_width elementor-section-content-middle elementor-section-height-default elementor-section-height-default\" data-id=\"bc60a69\" data-element_type=\"section\">\n\t\t\t\t\t\t<div class=\"elementor-container elementor-column-gap-no\">\n\t\t\t\t\t<div class=\"elementor-column elementor-col-100 elementor-inner-column elementor-element elementor-element-d9183c4\" data-id=\"d9183c4\" data-element_type=\"column\">\n\t\t\t<div class=\"elementor-widget-wrap elementor-element-populated\">\n\t\t\t\t\t\t<div class=\"elementor-element elementor-element-3c55f34 elementor-absolute elementor-widget-divider--view-line elementor-widget elementor-widget-divider\" data-id=\"3c55f34\" data-element_type=\"widget\" data-settings=\"{&quot;_position&quot;:&quot;absolute&quot;}\" data-widget_type=\"divider.default\">\n\t\t\t\t<div class=\"elementor-widget-container\">\n\t\t\t\t\t\t\t<div class=\"elementor-divider\">\n\t\t\t<span class=\"elementor-divider-separator\">\n\t\t\t\t\t\t<\/span>\n\t\t<\/div>\n\t\t\t\t\t\t<\/div>\n\t\t\t\t<\/div>\n\t\t\t\t<div class=\"elementor-element elementor-element-37a0b36 elementor-widget elementor-widget-heading\" data-id=\"37a0b36\" data-element_type=\"widget\" data-widget_type=\"heading.default\">\n\t\t\t\t<div class=\"elementor-widget-container\">\n\t\t\t\t\t<h2 class=\"elementor-heading-title elementor-size-default\">Kapcsol\u00f3djunk!<\/h2>\t\t\t\t<\/div>\n\t\t\t\t<\/div>\n\t\t\t\t<div class=\"elementor-element elementor-element-5c62a06 elementor-widget__width-initial elementor-widget elementor-widget-heading\" data-id=\"5c62a06\" data-element_type=\"widget\" data-widget_type=\"heading.default\">\n\t\t\t\t<div class=\"elementor-widget-container\">\n\t\t\t\t\t<h2 class=\"elementor-heading-title elementor-size-default\">Szeretn\u00e9d megismerni a csapatunkat k\u00f6zelebbr\u0151l is? Keress minket bizalommal \u2013 sz\u00edvesen bemutatkozunk szem\u00e9lyesen, \u00e9s megmutatjuk, miben tudunk seg\u00edteni a Te c\u00e9gednek.<\/h2>\t\t\t\t<\/div>\n\t\t\t\t<\/div>\n\t\t\t\t\t<\/div>\n\t\t<\/div>\n\t\t\t\t\t<\/div>\n\t\t<\/section>\n\t\t\t\t\t<\/div>\n\t\t<\/div>\n\t\t\t\t\t<\/div>\n\t\t<\/section>\n\t\t\t\t<\/div>\n\t\t","protected":false},"excerpt":{"rendered":"<p>Czegka Vilmos Tulajdonos, \u00fcgyvezet\u0151 Nem csak g\u00e9peket jav\u00edtunk. Megold\u00e1sokat sz\u00e1ll\u00edtunk. R\u00f3lunk A legt\u00f6bb ipari szerviz ott kezd dolgozni, ahol mi m\u00e1r r\u00e9g t\u00fal vagyunk az els\u0151 k\u00e1v\u00e9n. Mi ugyanis nem dobozban gondolkodunk, hanem val\u00f3di probl\u00e9m\u00e1kban \u2013 \u00e9s azok igazi megold\u00e1s\u00e1ban. Csapatunk ipari villamoss\u00e1gra \u00e9s elektronik\u00e1ra specializ\u00e1l\u00f3dott szakemberekb\u0151l \u00e1ll. Minden koll\u00e9g\u00e1nk m\u00f6g\u00f6tt \u00e9vek, s\u0151t \u00e9vtizedek tapasztalata [&hellip;]<\/p>\n","protected":false},"author":1,"featured_media":0,"parent":0,"menu_order":0,"comment_status":"open","ping_status":"closed","template":"elementor_header_footer","meta":{"inline_featured_image":false,"footnotes":""},"class_list":["post-626","page","type-page","status-publish","hentry"],"_links":{"self":[{"href":"https:\/\/www.elektrosolve.hu\/index.php\/wp-json\/wp\/v2\/pages\/626","targetHints":{"allow":["GET"]}}],"collection":[{"href":"https:\/\/www.elektrosolve.hu\/index.php\/wp-json\/wp\/v2\/pages"}],"about":[{"href":"https:\/\/www.elektrosolve.hu\/index.php\/wp-json\/wp\/v2\/types\/page"}],"author":[{"embeddable":true,"href":"https:\/\/www.elektrosolve.hu\/index.php\/wp-json\/wp\/v2\/users\/1"}],"replies":[{"embeddable":true,"href":"https:\/\/www.elektrosolve.hu\/index.php\/wp-json\/wp\/v2\/comments?post=626"}],"version-history":[{"count":22,"href":"https:\/\/www.elektrosolve.hu\/index.php\/wp-json\/wp\/v2\/pages\/626\/revisions"}],"predecessor-version":[{"id":1359,"href":"https:\/\/www.elektrosolve.hu\/index.php\/wp-json\/wp\/v2\/pages\/626\/revisions\/1359"}],"wp:attachment":[{"href":"https:\/\/www.elektrosolve.hu\/index.php\/wp-json\/wp\/v2\/media?parent=626"}],"curies":[{"name":"wp","href":"https:\/\/api.w.org\/{rel}","templated":true}]}}